{"id":825,"date":"2017-10-10T10:04:41","date_gmt":"2017-10-10T09:04:41","guid":{"rendered":"http:\/\/www.rechtswirtschaftslehre.de\/?page_id=825"},"modified":"2021-05-02T15:32:12","modified_gmt":"2021-05-02T14:32:12","slug":"akademie-mont-cenis","status":"publish","type":"page","link":"https:\/\/www.rechtswirtschaftslehre.de\/?page_id=825","title":{"rendered":"Akademie Mont-Cenis"},"content":{"rendered":"<p>An der Akademie &#8222;Mont-Cenis&#8220; in Herne, die sich um die Fort- und Weiterbildung der Landesbediensteten k\u00fcmmert, halte ich regelm\u00e4\u00dfig die folgenden Seminare:<\/p>\n<p>8.412 Haushalts- und Rechnungswesen &#8211; Einf\u00fchrung: 3 t\u00e4giges Grundlagenseminar zum neuen Haushaltsrecht &#8222;EPOS.NRW&#8220;<\/p>\n<p>8.416 Haushaltsrecht und moderne Ressourcenverwaltung &#8211; von der Kameralistik zu EPOS.NRW: Einf\u00fchrungsfortbildung f\u00fcr F\u00fchrungskr\u00e4fte LG 2.2 =&gt; Teil 2 \/ Tag 2+3 von insgesamt 3 Tagen, Thema: &#8222;EPOS.NRW&#8220;<\/p>\n<p>Weiterhin halte ich (im Auftrag der Fortbildungsakademie) individuell gestaltete Seminare zu den o.g. Themen, bspw. f\u00fcr das OLG D\u00fcsseldorf.<\/p>\n","protected":false},"excerpt":{"rendered":"<p>An der Akademie &#8222;Mont-Cenis&#8220; in Herne, die sich um die Fort- und Weiterbildung der Landesbediensteten k\u00fcmmert, halte ich regelm\u00e4\u00dfig die folgenden Seminare: 8.412 Haushalts- und Rechnungswesen &#8211; Einf\u00fchrung: 3 t\u00e4giges Grundlagenseminar zum neuen Haushaltsrecht &#8222;EPOS.NRW&#8220; 8.416 Haushaltsrecht und moderne Ressourcenverwaltung &#8211; von der Kameralistik zu EPOS.NRW: Einf\u00fchrungsfortbildung f\u00fcr F\u00fchrungskr\u00e4fte LG 2.2 =&gt; Teil 2 \/&hellip; <br \/> <a class=\"read-more\" href=\"https:\/\/www.rechtswirtschaftslehre.de\/?page_id=825\">Weiterlesen<\/a><\/p>\n","protected":false},"author":2,"featured_media":0,"parent":65,"menu_order":2,"comment_status":"closed","ping_status":"closed","template":"","meta":{"footnotes":""},"class_list":["post-825","page","type-page","status-publish","hentry"],"_links":{"self":[{"href":"https:\/\/www.rechtswirtschaftslehre.de\/index.php?rest_route=\/wp\/v2\/pages\/825","targetHints":{"allow":["GET"]}}],"collection":[{"href":"https:\/\/www.rechtswirtschaftslehre.de\/index.php?rest_route=\/wp\/v2\/pages"}],"about":[{"href":"https:\/\/www.rechtswirtschaftslehre.de\/index.php?rest_route=\/wp\/v2\/types\/page"}],"author":[{"embeddable":true,"href":"https:\/\/www.rechtswirtschaftslehre.de\/index.php?rest_route=\/wp\/v2\/users\/2"}],"replies":[{"embeddable":true,"href":"https:\/\/www.rechtswirtschaftslehre.de\/index.php?rest_route=%2Fwp%2Fv2%2Fcomments&post=825"}],"version-history":[{"count":5,"href":"https:\/\/www.rechtswirtschaftslehre.de\/index.php?rest_route=\/wp\/v2\/pages\/825\/revisions"}],"predecessor-version":[{"id":1586,"href":"https:\/\/www.rechtswirtschaftslehre.de\/index.php?rest_route=\/wp\/v2\/pages\/825\/revisions\/1586"}],"up":[{"embeddable":true,"href":"https:\/\/www.rechtswirtschaftslehre.de\/index.php?rest_route=\/wp\/v2\/pages\/65"}],"wp:attachment":[{"href":"https:\/\/www.rechtswirtschaftslehre.de\/index.php?rest_route=%2Fwp%2Fv2%2Fmedia&parent=825"}],"curies":[{"name":"wp","href":"https:\/\/api.w.org\/{rel}","templated":true}]}}