{"id":65,"date":"2013-11-03T22:16:07","date_gmt":"2013-11-03T20:16:07","guid":{"rendered":"http:\/\/www.rechtswirtschaftslehre.de\/?page_id=65"},"modified":"2023-09-12T20:10:42","modified_gmt":"2023-09-12T19:10:42","slug":"dozententaetigkeit","status":"publish","type":"page","link":"https:\/\/www.rechtswirtschaftslehre.de\/?page_id=65","title":{"rendered":"Dozentent\u00e4tigkeit"},"content":{"rendered":"<p>Auf den folgenden Seiten beschreibe ich kurz meine derzeitigen T\u00e4tigkeitsfelder. Aufgrund begrenzter Ressourcen m\u00f6chte ich mittelfristig keine weiteren Auftr\u00e4ge mit einem entsprechend hohem\u00a0Zeitaufwand mehr annehmen. Ich bitte um Ihr Verst\u00e4ndnis!<\/p>\n","protected":false},"excerpt":{"rendered":"<p>Auf den folgenden Seiten beschreibe ich kurz meine derzeitigen T\u00e4tigkeitsfelder. Aufgrund begrenzter Ressourcen m\u00f6chte ich mittelfristig keine weiteren Auftr\u00e4ge mit einem entsprechend hohem\u00a0Zeitaufwand mehr annehmen. Ich bitte um Ihr Verst\u00e4ndnis!<\/p>\n","protected":false},"author":1,"featured_media":0,"parent":0,"menu_order":2,"comment_status":"closed","ping_status":"closed","template":"","meta":{"footnotes":""},"class_list":["post-65","page","type-page","status-publish","hentry"],"_links":{"self":[{"href":"https:\/\/www.rechtswirtschaftslehre.de\/index.php?rest_route=\/wp\/v2\/pages\/65","targetHints":{"allow":["GET"]}}],"collection":[{"href":"https:\/\/www.rechtswirtschaftslehre.de\/index.php?rest_route=\/wp\/v2\/pages"}],"about":[{"href":"https:\/\/www.rechtswirtschaftslehre.de\/index.php?rest_route=\/wp\/v2\/types\/page"}],"author":[{"embeddable":true,"href":"https:\/\/www.rechtswirtschaftslehre.de\/index.php?rest_route=\/wp\/v2\/users\/1"}],"replies":[{"embeddable":true,"href":"https:\/\/www.rechtswirtschaftslehre.de\/index.php?rest_route=%2Fwp%2Fv2%2Fcomments&post=65"}],"version-history":[{"count":9,"href":"https:\/\/www.rechtswirtschaftslehre.de\/index.php?rest_route=\/wp\/v2\/pages\/65\/revisions"}],"predecessor-version":[{"id":830,"href":"https:\/\/www.rechtswirtschaftslehre.de\/index.php?rest_route=\/wp\/v2\/pages\/65\/revisions\/830"}],"wp:attachment":[{"href":"https:\/\/www.rechtswirtschaftslehre.de\/index.php?rest_route=%2Fwp%2Fv2%2Fmedia&parent=65"}],"curies":[{"name":"wp","href":"https:\/\/api.w.org\/{rel}","templated":true}]}}