{"id":46,"date":"2013-10-21T21:19:25","date_gmt":"2013-10-21T19:19:25","guid":{"rendered":"http:\/\/www.rechtswirtschaftslehre.de\/?page_id=46"},"modified":"2021-08-24T10:48:32","modified_gmt":"2021-08-24T09:48:32","slug":"nachhilfe","status":"publish","type":"page","link":"https:\/\/www.rechtswirtschaftslehre.de\/?page_id=46","title":{"rendered":"Pr\u00fcfungscoaching \/ Nachhilfe"},"content":{"rendered":"<p>Das Angebot der individuellen Pr\u00fcfungsvorbereitung habe ich eingestellt. Mein Fokus liegt nun auf meiner hauptamtlichen Dozentent\u00e4tigkeit am Studieninstitut f\u00fcr kommunale Verwaltung der LH D\u00fcsseldorf sowie auf den T\u00e4tigkeiten f\u00fcr die Akademie Mont-Cenis.<\/p>\n","protected":false},"excerpt":{"rendered":"<p>Das Angebot der individuellen Pr\u00fcfungsvorbereitung habe ich eingestellt. Mein Fokus liegt nun auf meiner hauptamtlichen Dozentent\u00e4tigkeit am Studieninstitut f\u00fcr kommunale Verwaltung der LH D\u00fcsseldorf sowie auf den T\u00e4tigkeiten f\u00fcr die Akademie Mont-Cenis.<\/p>\n","protected":false},"author":1,"featured_media":0,"parent":65,"menu_order":3,"comment_status":"closed","ping_status":"closed","template":"","meta":{"footnotes":""},"class_list":["post-46","page","type-page","status-publish","hentry"],"_links":{"self":[{"href":"https:\/\/www.rechtswirtschaftslehre.de\/index.php?rest_route=\/wp\/v2\/pages\/46","targetHints":{"allow":["GET"]}}],"collection":[{"href":"https:\/\/www.rechtswirtschaftslehre.de\/index.php?rest_route=\/wp\/v2\/pages"}],"about":[{"href":"https:\/\/www.rechtswirtschaftslehre.de\/index.php?rest_route=\/wp\/v2\/types\/page"}],"author":[{"embeddable":true,"href":"https:\/\/www.rechtswirtschaftslehre.de\/index.php?rest_route=\/wp\/v2\/users\/1"}],"replies":[{"embeddable":true,"href":"https:\/\/www.rechtswirtschaftslehre.de\/index.php?rest_route=%2Fwp%2Fv2%2Fcomments&post=46"}],"version-history":[{"count":9,"href":"https:\/\/www.rechtswirtschaftslehre.de\/index.php?rest_route=\/wp\/v2\/pages\/46\/revisions"}],"predecessor-version":[{"id":1541,"href":"https:\/\/www.rechtswirtschaftslehre.de\/index.php?rest_route=\/wp\/v2\/pages\/46\/revisions\/1541"}],"up":[{"embeddable":true,"href":"https:\/\/www.rechtswirtschaftslehre.de\/index.php?rest_route=\/wp\/v2\/pages\/65"}],"wp:attachment":[{"href":"https:\/\/www.rechtswirtschaftslehre.de\/index.php?rest_route=%2Fwp%2Fv2%2Fmedia&parent=46"}],"curies":[{"name":"wp","href":"https:\/\/api.w.org\/{rel}","templated":true}]}}