{"id":32,"date":"2013-10-20T21:13:03","date_gmt":"2013-10-20T19:13:03","guid":{"rendered":"http:\/\/neu.rechtswirtschaftslehre.de\/wordpress\/?page_id=32"},"modified":"2021-11-16T20:32:26","modified_gmt":"2021-11-16T19:32:26","slug":"vita","status":"publish","type":"page","link":"https:\/\/www.rechtswirtschaftslehre.de\/?page_id=32","title":{"rendered":"Vita"},"content":{"rendered":"<p><strong>\u00a0<\/strong>An dieser Stelle m\u00f6chte ich mich kurz vorstellen:<\/p>\n<p><strong>Privates:<\/strong><\/p>\n<p>geb. am 22.10.1986 in M\u00f6nchengladbach, Familienvater (2 S\u00f6hne), Trainer (Bambini \/ Fu\u00dfball) und Spielkind (Skat, Darts, Kegeln)<\/p>\n<p><strong>Beruf:<\/strong><\/p>\n<p>seit 2017: Hauptamtlicher Dozent beim Studieninstitut f\u00fcr kommunale Verwaltung der LH D\u00fcsseldorf seit 2017<\/p>\n<p>seit 2015: selbstst\u00e4ndiger Dozent<\/p>\n<p>2013-2017: Projektleiter und Berater beim Landesamt f\u00fcr Finanzen NRW<\/p>\n<p>2009-2013:\u00a0Sachbearbeiter im Bereich Haushaltsmanagement \/ Rechnungswesen\u00a0f\u00fcr zwei Kommunalverwaltungen.<\/p>\n<p><strong>Schule \/ Studium \/ Weiterbildungen (Auszug):<\/strong><\/p>\n<p>2017: Trainerzertifizierung &#8222;Train The Trainer&#8220; an der VHS Krefeld<br \/>\n2010-2012: Studium an der HS Niederrhein: LL.M. (Master of Laws \/ Wirtschaftsrecht)<br \/>\n2012: Studieninstitut f.k.V. der LH D\u00fcsseldorf: Ausbildereignung gem\u00e4\u00df AEVO<br \/>\n2006-2009: Studium an der FH\u00f6V NRW in K\u00f6ln: Diplom-Verwaltungsbetriebswirt<br \/>\n2003-2006: Wirtschaftsgymnasium in M&#8217;gladbach: allgemeine Hochschulreife<\/p>\n","protected":false},"excerpt":{"rendered":"<p>\u00a0An dieser Stelle m\u00f6chte ich mich kurz vorstellen: Privates: geb. am 22.10.1986 in M\u00f6nchengladbach, Familienvater (2 S\u00f6hne), Trainer (Bambini \/ Fu\u00dfball) und Spielkind (Skat, Darts, Kegeln) Beruf: seit 2017: Hauptamtlicher Dozent beim Studieninstitut f\u00fcr kommunale Verwaltung der LH D\u00fcsseldorf seit 2017 seit 2015: selbstst\u00e4ndiger Dozent 2013-2017: Projektleiter und Berater beim Landesamt f\u00fcr Finanzen NRW 2009-2013:\u00a0Sachbearbeiter&hellip; <br \/> <a class=\"read-more\" href=\"https:\/\/www.rechtswirtschaftslehre.de\/?page_id=32\">Weiterlesen<\/a><\/p>\n","protected":false},"author":1,"featured_media":0,"parent":116,"menu_order":7,"comment_status":"closed","ping_status":"closed","template":"","meta":{"footnotes":""},"class_list":["post-32","page","type-page","status-publish","hentry"],"_links":{"self":[{"href":"https:\/\/www.rechtswirtschaftslehre.de\/index.php?rest_route=\/wp\/v2\/pages\/32","targetHints":{"allow":["GET"]}}],"collection":[{"href":"https:\/\/www.rechtswirtschaftslehre.de\/index.php?rest_route=\/wp\/v2\/pages"}],"about":[{"href":"https:\/\/www.rechtswirtschaftslehre.de\/index.php?rest_route=\/wp\/v2\/types\/page"}],"author":[{"embeddable":true,"href":"https:\/\/www.rechtswirtschaftslehre.de\/index.php?rest_route=\/wp\/v2\/users\/1"}],"replies":[{"embeddable":true,"href":"https:\/\/www.rechtswirtschaftslehre.de\/index.php?rest_route=%2Fwp%2Fv2%2Fcomments&post=32"}],"version-history":[{"count":20,"href":"https:\/\/www.rechtswirtschaftslehre.de\/index.php?rest_route=\/wp\/v2\/pages\/32\/revisions"}],"predecessor-version":[{"id":1708,"href":"https:\/\/www.rechtswirtschaftslehre.de\/index.php?rest_route=\/wp\/v2\/pages\/32\/revisions\/1708"}],"up":[{"embeddable":true,"href":"https:\/\/www.rechtswirtschaftslehre.de\/index.php?rest_route=\/wp\/v2\/pages\/116"}],"wp:attachment":[{"href":"https:\/\/www.rechtswirtschaftslehre.de\/index.php?rest_route=%2Fwp%2Fv2%2Fmedia&parent=32"}],"curies":[{"name":"wp","href":"https:\/\/api.w.org\/{rel}","templated":true}]}}