{"id":2,"date":"2013-10-09T19:51:28","date_gmt":"2013-10-09T17:51:28","guid":{"rendered":"http:\/\/neu.rechtswirtschaftslehre.de\/wordpress\/?page_id=2"},"modified":"2021-08-24T10:49:11","modified_gmt":"2021-08-24T09:49:11","slug":"beispiel-seite","status":"publish","type":"page","link":"https:\/\/www.rechtswirtschaftslehre.de\/","title":{"rendered":"Startseite"},"content":{"rendered":"<p>Herzlich Willkommen auf meiner Internetseite, die ich in den Dienst meiner T\u00e4tigkeit als Dozent stelle.<\/p>\n<p>Neben der Vorstellung meiner Person, m\u00f6chte ich die Seite auch als Informationsportal und f\u00fcr das Bereitstellen von Downloads nutzen.<\/p>\n<p>Sebastian R\u00f6der<\/p>\n","protected":false},"excerpt":{"rendered":"<p>Herzlich Willkommen auf meiner Internetseite, die ich in den Dienst meiner T\u00e4tigkeit als Dozent stelle. Neben der Vorstellung meiner Person, m\u00f6chte ich die Seite auch als Informationsportal und f\u00fcr das Bereitstellen von Downloads nutzen. Sebastian R\u00f6der<\/p>\n","protected":false},"author":1,"featured_media":0,"parent":0,"menu_order":1,"comment_status":"closed","ping_status":"closed","template":"","meta":{"footnotes":""},"class_list":["post-2","page","type-page","status-publish","hentry"],"_links":{"self":[{"href":"https:\/\/www.rechtswirtschaftslehre.de\/index.php?rest_route=\/wp\/v2\/pages\/2","targetHints":{"allow":["GET"]}}],"collection":[{"href":"https:\/\/www.rechtswirtschaftslehre.de\/index.php?rest_route=\/wp\/v2\/pages"}],"about":[{"href":"https:\/\/www.rechtswirtschaftslehre.de\/index.php?rest_route=\/wp\/v2\/types\/page"}],"author":[{"embeddable":true,"href":"https:\/\/www.rechtswirtschaftslehre.de\/index.php?rest_route=\/wp\/v2\/users\/1"}],"replies":[{"embeddable":true,"href":"https:\/\/www.rechtswirtschaftslehre.de\/index.php?rest_route=%2Fwp%2Fv2%2Fcomments&post=2"}],"version-history":[{"count":8,"href":"https:\/\/www.rechtswirtschaftslehre.de\/index.php?rest_route=\/wp\/v2\/pages\/2\/revisions"}],"predecessor-version":[{"id":1622,"href":"https:\/\/www.rechtswirtschaftslehre.de\/index.php?rest_route=\/wp\/v2\/pages\/2\/revisions\/1622"}],"wp:attachment":[{"href":"https:\/\/www.rechtswirtschaftslehre.de\/index.php?rest_route=%2Fwp%2Fv2%2Fmedia&parent=2"}],"curies":[{"name":"wp","href":"https:\/\/api.w.org\/{rel}","templated":true}]}}