{"id":1520,"date":"2018-08-09T19:35:44","date_gmt":"2018-08-09T18:35:44","guid":{"rendered":"http:\/\/www.rechtswirtschaftslehre.de\/?page_id=1520"},"modified":"2021-02-01T13:45:30","modified_gmt":"2021-02-01T12:45:30","slug":"datenschutz","status":"publish","type":"page","link":"https:\/\/www.rechtswirtschaftslehre.de\/?page_id=1520","title":{"rendered":"Datenschutz"},"content":{"rendered":"<div class=\"entry-content\">\n<p><strong>DATENSCHUTZERKL\u00c4RUNG<\/strong><\/p>\n<p>Meine Dozentenseite roeder.online \/ rechtswirtschaftslehre.de \/ dozent.nrw dient lediglich als Werbemedium f\u00fcr meine freuberufliche T\u00e4tigkeit sowie als Downloadportal f\u00fcr meine Sch\u00fcler und Studenten. Nachstehend m\u00f6chten ich Sie dar\u00fcber informieren, wann ich welche Daten speichern und wie wir sie nutzen.<\/p>\n<p>Ich erhebe und verwende personenbezogene Daten nur, soweit dies f\u00fcr eine funktionierende Homepage erforderlich ist und sofern eine Einwilligung des Nutzers vorliegt. In Betracht kommt dieses bei Kontaktaufnahme durch den Nutzer. Ohne diese bleibt der Nutzer anonym. Eine Auswertung unterbleibt.<\/p>\n<p><strong>Cookies:<\/strong> Bei der Verwendung von Cookies, z.B. zur Erfassung der H\u00e4ufigkeit der Besuche auf unserer Homepage, sind personenbezogene Daten nicht enthalten.<\/p>\n<p><strong>Erhebung und Speicherung personenbezogener Daten sowie Art und Zweck und deren Verwendung<\/strong><\/p>\n<p>Zur Kontaktaufnahme k\u00f6nnen Sie (freiwillig) folgende Daten angeben:<\/p>\n<ul>\n<li>Anrede, Vorname, Nachname<\/li>\n<li>eine g\u00fcltige E-Mail-Adresse (etwaiger Schriftverkehr mittels E-Mail erfolgt unverschl\u00fcsselt),<\/li>\n<li>Anschrift<\/li>\n<li>Telefonnummer (Festnetz und\/oder Mobilfunk)<\/li>\n<li>weitere Kontaktdaten<\/li>\n<\/ul>\n<p>Die Angaben werden ggf. erst bei einer Vertragsbeziehung gespeichert.<\/p>\n<p><strong>Weitergabe von Daten an Dritte <\/strong><\/p>\n<p>Eine \u00dcbermittlung Ihrer pers\u00f6nlichen Daten an Dritte findet nicht statt, au\u00dfer es von Ihnen gewollt und zweckm\u00e4\u00dfig (z.B. Weitergabe Ihrer Daten an einen Kollegen zur Vermittlung von Auftr\u00e4gen).<\/p>\n<p><strong>Betroffenenrechte<\/strong><\/p>\n<p>Sie haben das Recht:<\/p>\n<ul>\n<li>gem\u00e4\u00df Art. 7 Abs. 3 DSGVO Ihre einmal erteilte Einwilligung jederzeit gegen\u00fcber uns zu widerrufen. Dies hat zur Folge, dass wir die Datenverarbeitung, die auf dieser Einwilligung beruhte, f\u00fcr die Zukunft nicht mehr fortf\u00fchren d\u00fcrfen;<\/li>\n<li>gem\u00e4\u00df Art. 15 DSGVO Auskunft \u00fcber Ihre von uns verarbeiteten personenbezogenen Daten zu verlangen. Insbesondere k\u00f6nnen Sie Auskunft \u00fcber die Verarbeitungszwecke, die Kategorie der personenbezogenen Daten, die Kategorien von Empf\u00e4ngern, gegen\u00fcber denen Ihre Daten offengelegt wurden oder werden, die geplante Speicherdauer, das Bestehen eines Rechts auf Berichtigung, L\u00f6schung, Einschr\u00e4nkung der Verarbeitung oder Widerspruch, das Bestehen eines Beschwerderechts, die Herkunft ihrer Daten, sofern diese nicht bei uns erhoben wurden, sowie \u00fcber das Bestehen einer automatisierten Entscheidungsfindung einschlie\u00dflich Profiling und ggf. aussagekr\u00e4ftigen Informationen zu deren Einzelheiten verlangen;<\/li>\n<li>gem\u00e4\u00df Art. 16 DSGVO unverz\u00fcglich die Berichtigung unrichtiger oder Vervollst\u00e4ndigung Ihrer bei uns gespeicherten personenbezogenen Daten zu verlangen;<\/li>\n<li>gem\u00e4\u00df Art. 17 DSGVO die L\u00f6schung Ihrer bei uns gespeicherten personenbezogenen Daten zu verlangen, soweit nicht die Verarbeitung zur Aus\u00fcbung des Rechts auf freie Meinungs\u00e4u\u00dferung und Information, zur Erf\u00fcllung einer rechtlichen Verpflichtung, aus Gr\u00fcnden des \u00f6ffentlichen Interesses erforderlich ist;<\/li>\n<li>gem\u00e4\u00df Art. 18 DSGVO die Einschr\u00e4nkung der Verarbeitung Ihrer personenbezogenen Daten zu verlangen, soweit die Richtigkeit der Daten von Ihnen bestritten wird, die Verarbeitung unrechtm\u00e4\u00dfig ist, Sie aber deren L\u00f6schung ablehnen und wir die Daten nicht mehr ben\u00f6tigen, Sie jedoch diese zur Geltendmachung, Aus\u00fcbung oder Verteidigung von Rechtsanspr\u00fcchen ben\u00f6tigen oder Sie gem\u00e4\u00df Art. 21 DSGVO Widerspruch gegen die Verarbeitung eingelegt haben;<\/li>\n<li>gem\u00e4\u00df Art. 20 DSGVO Ihre personenbezogenen Daten, die Sie uns bereitgestellt haben, in einem strukturierten, g\u00e4ngigen und maschinenlesebaren Format zu erhalten oder die \u00dcbermittlung an einen anderen Verantwortlichen zu verlangen und<\/li>\n<li>gem\u00e4\u00df Art. 77 DSGVO sich bei einer Aufsichtsbeh\u00f6rde zu beschweren.<\/li>\n<\/ul>\n<p><strong>Widerspruchsrecht <\/strong><\/p>\n<p>Sofern Ihre personenbezogenen Daten auf Grundlage von berechtigten Interessen gem\u00e4\u00df Art. 6 Abs. 1 S. 1 f DSGVO verarbeitet werden, haben Sie das Recht, gem\u00e4\u00df Art. 21 DSGVO Widerspruch gegen die Verarbeitung Ihrer personenbezogenen Daten einzulegen, soweit daf\u00fcr Gr\u00fcnde vorliegen, die sich aus Ihrer besonderen Situation ergeben. M\u00f6chten Sie von Ihrem Widerspruchsrecht Gebrauch machen, gen\u00fcgt eine E-Mail an eine der im Impressum genannten Personen.<\/p>\n<p><strong>Externe Links<\/strong><\/p>\n<p>Auf unserer Homepage befinden sich Links, die auf Seiten Dritter verweisen. Hierbei handelt es sich in der Regel um externe Links, auf deren Inhalt und Gestaltung der Seiten der Homepageinhaber keinen Einfluss hat. Diese Datenschutzerkl\u00e4rung findet dort insoweit keine Anwendung.<\/p>\n<p><strong>\u00c4nderung dieser Datenschutzerkl\u00e4rung<\/strong><\/p>\n<p>Bei \u00c4nderungen der Gesetzesgrundlage beh\u00e4lt sich der Homepageinhaber entsprechende Anpassungen dieser Datenschutzerkl\u00e4rung vor.<\/p>\n<\/div>\n","protected":false},"excerpt":{"rendered":"<p>DATENSCHUTZERKL\u00c4RUNG Meine Dozentenseite roeder.online \/ rechtswirtschaftslehre.de \/ dozent.nrw dient lediglich als Werbemedium f\u00fcr meine freuberufliche T\u00e4tigkeit sowie als Downloadportal f\u00fcr meine Sch\u00fcler und Studenten. Nachstehend m\u00f6chten ich Sie dar\u00fcber informieren, wann ich welche Daten speichern und wie wir sie nutzen. Ich erhebe und verwende personenbezogene Daten nur, soweit dies f\u00fcr eine funktionierende Homepage erforderlich ist&hellip; <br \/> <a class=\"read-more\" href=\"https:\/\/www.rechtswirtschaftslehre.de\/?page_id=1520\">Weiterlesen<\/a><\/p>\n","protected":false},"author":2,"featured_media":0,"parent":0,"menu_order":99,"comment_status":"closed","ping_status":"closed","template":"","meta":{"footnotes":""},"class_list":["post-1520","page","type-page","status-publish","hentry"],"_links":{"self":[{"href":"https:\/\/www.rechtswirtschaftslehre.de\/index.php?rest_route=\/wp\/v2\/pages\/1520","targetHints":{"allow":["GET"]}}],"collection":[{"href":"https:\/\/www.rechtswirtschaftslehre.de\/index.php?rest_route=\/wp\/v2\/pages"}],"about":[{"href":"https:\/\/www.rechtswirtschaftslehre.de\/index.php?rest_route=\/wp\/v2\/types\/page"}],"author":[{"embeddable":true,"href":"https:\/\/www.rechtswirtschaftslehre.de\/index.php?rest_route=\/wp\/v2\/users\/2"}],"replies":[{"embeddable":true,"href":"https:\/\/www.rechtswirtschaftslehre.de\/index.php?rest_route=%2Fwp%2Fv2%2Fcomments&post=1520"}],"version-history":[{"count":2,"href":"https:\/\/www.rechtswirtschaftslehre.de\/index.php?rest_route=\/wp\/v2\/pages\/1520\/revisions"}],"predecessor-version":[{"id":1543,"href":"https:\/\/www.rechtswirtschaftslehre.de\/index.php?rest_route=\/wp\/v2\/pages\/1520\/revisions\/1543"}],"wp:attachment":[{"href":"https:\/\/www.rechtswirtschaftslehre.de\/index.php?rest_route=%2Fwp%2Fv2%2Fmedia&parent=1520"}],"curies":[{"name":"wp","href":"https:\/\/api.w.org\/{rel}","templated":true}]}}