{"id":120,"date":"2014-02-17T11:58:29","date_gmt":"2014-02-17T10:58:29","guid":{"rendered":"http:\/\/www.rechtswirtschaftslehre.de\/?page_id=120"},"modified":"2021-02-01T13:38:06","modified_gmt":"2021-02-01T12:38:06","slug":"studieninstitut","status":"publish","type":"page","link":"https:\/\/www.rechtswirtschaftslehre.de\/?page_id=120","title":{"rendered":"Studieninstitut f.k.Verw."},"content":{"rendered":"<p><span style=\"color: #333333;\">Seit Dezember 2017 bin ich als hauptamtlicher Dozent beim Studieninstitut f\u00fcr kommunale Verwaltung der Landeshauptstadt D\u00fcsseldorf berufen und unterrichte derzeit folgende F\u00e4cher bzw. Module:<\/span><\/p>\n<ul>\n<li>\u00d6ffentliche Betriebswirtschaftslehre<\/li>\n<li>Kaufm\u00e4nnische Buchf\u00fchrung<\/li>\n<li>Kosten- und Leistungsrechnung<\/li>\n<li>Kommunales Finanzmanagement \/ Haushaltsrecht<\/li>\n<\/ul>\n","protected":false},"excerpt":{"rendered":"<p>Seit Dezember 2017 bin ich als hauptamtlicher Dozent beim Studieninstitut f\u00fcr kommunale Verwaltung der Landeshauptstadt D\u00fcsseldorf berufen und unterrichte derzeit folgende F\u00e4cher bzw. Module: \u00d6ffentliche Betriebswirtschaftslehre Kaufm\u00e4nnische Buchf\u00fchrung Kosten- und Leistungsrechnung Kommunales Finanzmanagement \/ Haushaltsrecht<\/p>\n","protected":false},"author":1,"featured_media":0,"parent":65,"menu_order":1,"comment_status":"closed","ping_status":"closed","template":"","meta":{"footnotes":""},"class_list":["post-120","page","type-page","status-publish","hentry"],"_links":{"self":[{"href":"https:\/\/www.rechtswirtschaftslehre.de\/index.php?rest_route=\/wp\/v2\/pages\/120","targetHints":{"allow":["GET"]}}],"collection":[{"href":"https:\/\/www.rechtswirtschaftslehre.de\/index.php?rest_route=\/wp\/v2\/pages"}],"about":[{"href":"https:\/\/www.rechtswirtschaftslehre.de\/index.php?rest_route=\/wp\/v2\/types\/page"}],"author":[{"embeddable":true,"href":"https:\/\/www.rechtswirtschaftslehre.de\/index.php?rest_route=\/wp\/v2\/users\/1"}],"replies":[{"embeddable":true,"href":"https:\/\/www.rechtswirtschaftslehre.de\/index.php?rest_route=%2Fwp%2Fv2%2Fcomments&post=120"}],"version-history":[{"count":6,"href":"https:\/\/www.rechtswirtschaftslehre.de\/index.php?rest_route=\/wp\/v2\/pages\/120\/revisions"}],"predecessor-version":[{"id":1537,"href":"https:\/\/www.rechtswirtschaftslehre.de\/index.php?rest_route=\/wp\/v2\/pages\/120\/revisions\/1537"}],"up":[{"embeddable":true,"href":"https:\/\/www.rechtswirtschaftslehre.de\/index.php?rest_route=\/wp\/v2\/pages\/65"}],"wp:attachment":[{"href":"https:\/\/www.rechtswirtschaftslehre.de\/index.php?rest_route=%2Fwp%2Fv2%2Fmedia&parent=120"}],"curies":[{"name":"wp","href":"https:\/\/api.w.org\/{rel}","templated":true}]}}